{"id":146,"date":"2024-01-04T19:20:16","date_gmt":"2024-01-04T18:20:16","guid":{"rendered":"https:\/\/ethik-formations.fr\/?page_id=146"},"modified":"2024-01-05T10:05:02","modified_gmt":"2024-01-05T09:05:02","slug":"a-propos","status":"publish","type":"page","link":"https:\/\/ethik-formations.fr\/index.php\/a-propos\/","title":{"rendered":"A propos"},"content":{"rendered":"<div class=\"n2_clear\"><ss3-force-full-width data-overflow-x=\"body\" data-horizontal-selector=\"body\"><div class=\"n2-section-smartslider fitvidsignore  n2_clear\" data-ssid=\"8\" tabindex=\"0\" role=\"region\" aria-label=\"Slider\"><div id=\"n2-ss-8-align\" class=\"n2-ss-align\"><div class=\"n2-padding\"><div id=\"n2-ss-8\" data-creator=\"Smart Slider 3\" data-responsive=\"fullwidth\" class=\"n2-ss-slider n2-ow n2-has-hover n2notransition  \">\n        <div class=\"n2-ss-slider-1 n2_ss__touch_element n2-ow\">\n            <div class=\"n2-ss-slider-2 n2-ow\">\n                                                <div class=\"n2-ss-slider-3 n2-ow\">\n\n                    <div class=\"n2-ss-slide-backgrounds n2-ow-all\"><div class=\"n2-ss-slide-background\" data-public-id=\"1\" data-mode=\"fill\"><div data-color=\"RGBA(255,255,255,0)\" style=\"background-color: RGBA(255,255,255,0);\" class=\"n2-ss-slide-background-color\"><\/div><\/div><\/div>                    <div class=\"n2-ss-slider-4 n2-ow\">\n                        <svg xmlns=\"http:\/\/www.w3.org\/2000\/svg\" viewBox=\"0 0 1200 600\" data-related-device=\"desktopPortrait\" class=\"n2-ow n2-ss-preserve-size n2-ss-preserve-size--slider n2-ss-slide-limiter\"><\/svg><div data-first=\"1\" data-slide-duration=\"0\" data-id=\"13\" data-slide-public-id=\"1\" data-title=\"Slide Background\" class=\"n2-ss-slide n2-ow  n2-ss-slide-13\"><div role=\"note\" class=\"n2-ss-slide--focus\" tabindex=\"-1\">Slide Background<\/div><div class=\"n2-ss-layers-container n2-ss-slide-limiter n2-ow\"><div class=\"n2-ss-layer n2-ow n-uc-1UDYOAYpUMzf\" data-sstype=\"slide\" data-pm=\"default\"><div class=\"n2-ss-layer n2-ow n-uc-gyz5eJNKbZz0\" data-pm=\"default\" data-sstype=\"content\" data-hasbackground=\"0\"><div class=\"n2-ss-section-main-content n2-ss-layer-with-background n2-ss-layer-content n2-ow n-uc-gyz5eJNKbZz0-inner\"><div class=\"n2-ss-layer n2-ow n2-ss-layer--block n2-ss-has-self-align n-uc-1b721108f8a29\" data-pm=\"normal\" data-sstype=\"row\"><div class=\"n2-ss-layer-row n2-ss-layer-with-background n-uc-1b721108f8a29-inner\"><div class=\"n2-ss-layer-row-inner \"><div class=\"n2-ss-layer n2-ow n-uc-115b8ed766f8e\" data-pm=\"default\" data-sstype=\"col\"><div class=\"n2-ss-layer-col n2-ss-layer-with-background n2-ss-layer-content n-uc-115b8ed766f8e-inner\"><div class=\"n2-ss-layer n2-ow n-uc-1yXrVFoiQjVd\" data-pm=\"normal\" data-sstype=\"layer\"><div class=\"n2-ss-item-content n2-ss-text n2-ow-all\"><div data-hide-desktoplandscape=\"1\" data-hide-desktopportrait=\"1\" data-hide-tabletlandscape=\"1\" data-hide-tabletportrait=\"1\"><p class=\"n2-font-a097ae8abe78fcbc80aabf9e44dc121f-paragraph   \">Ethik Formations, expert en formations sur mesure, accompagne les entreprises dans leur transformation. Notre offre cible managers et op\u00e9rationnels impliqu\u00e9s dans le changement. Convaincus que les meilleures formations d\u00e9coulent du partage d&#8217;exp\u00e9rience, nous mettons l&#8217;accent sur l&#8217;expertise concr\u00e8te des praticiens chevronn\u00e9s. Notre mission : guider votre entreprise et vos \u00e9quipes tout au long de la transformation, de l&#8217;orientation strat\u00e9gique \u00e0 la ma\u00eetrise des technologies \u00e9mergentes. Avec une approche p\u00e9dagogique centr\u00e9e sur la pratique, Ethik Formations personnalise les solutions pour r\u00e9pondre \u00e0 vos besoins sp\u00e9cifiques. Ensemble, forgeons l&#8217;avenir de votre entreprise en cultivant des comp\u00e9tences solides et une expertise pragmatique.<\/p>\n<\/div><div class=\"\" data-hide-desktoplandscape=\"1\" data-hide-desktopportrait=\"1\" data-hide-mobilelandscape=\"1\" data-hide-mobileportrait=\"1\"><p class=\"n2-font-a097ae8abe78fcbc80aabf9e44dc121f-paragraph  \">Ethik Formations, expert en formations sur mesure, accompagne les entreprises dans leur transformation. Notre offre cible managers et op\u00e9rationnels impliqu\u00e9s dans le changement. Convaincus que les meilleures formations d\u00e9coulent du partage d&#8217;exp\u00e9rience, nous mettons l&#8217;accent sur l&#8217;expertise concr\u00e8te des praticiens chevronn\u00e9s. Notre mission : guider votre entreprise et vos \u00e9quipes tout au long de la transformation, de l&#8217;orientation strat\u00e9gique \u00e0 la ma\u00eetrise des technologies \u00e9mergentes. Avec une approche p\u00e9dagogique centr\u00e9e sur la pratique, Ethik Formations personnalise les solutions pour r\u00e9pondre \u00e0 vos besoins sp\u00e9cifiques. Ensemble, forgeons l&#8217;avenir de votre entreprise en cultivant des comp\u00e9tences solides et une expertise pragmatique.<\/p>\n<\/div><div class=\"\" data-hide-mobilelandscape=\"1\" data-hide-mobileportrait=\"1\" data-hide-tabletlandscape=\"1\" data-hide-tabletportrait=\"1\"><p class=\"n2-font-a097ae8abe78fcbc80aabf9e44dc121f-paragraph   \">Ethik Formations, expert en formations sur mesure, accompagne les entreprises dans leur transformation.<br \/>\n Notre offre cible managers et op\u00e9rationnels impliqu\u00e9s dans le changement. Convaincus que les meilleures formations d\u00e9coulent du partage d&#8217;exp\u00e9rience, nous mettons l&#8217;accent sur l&#8217;expertise concr\u00e8te des praticiens chevronn\u00e9s.<br \/>\nNotre mission : guider votre entreprise et vos \u00e9quipes tout au long de la transformation, de l&#8217;orientation strat\u00e9gique \u00e0 la ma\u00eetrise des technologies \u00e9mergentes. <\/p>\n<\/div><\/div><\/div><\/div><\/div><div class=\"n2-ss-layer n2-ow n-uc-1e55c9135a687\" data-pm=\"default\" data-sstype=\"col\"><div class=\"n2-ss-layer-col n2-ss-layer-with-background n2-ss-layer-content n-uc-1e55c9135a687-inner\"><div class=\"n2-ss-layer n2-ow n-uc-5gEYcGGd2KWQ\" data-pm=\"normal\" data-sstype=\"layer\"><div class=\" n2-ss-item-image-content n2-ss-item-content n2-ow-all\"><img loading=\"lazy\" decoding=\"async\" id=\"n2-ss-8item2\" alt=\"\" class=\"skip-lazy\" width=\"2560\" height=\"1707\" data-skip-lazy=\"1\" src=\"\/\/ethik-formations.fr\/wp-content\/uploads\/2024\/01\/medium-shot-people-studying-math-scaled.jpg\" \/><\/div><\/div><\/div><\/div><\/div><\/div><\/div><div class=\"n2-ss-layer n2-ow n-uc-UFkLZMJJuy8k\" data-pm=\"normal\" data-sstype=\"layer\"><div class=\"n2-ss-item-content n2-ss-text n2-ow-all\"><div data-hide-desktoplandscape=\"1\" data-hide-desktopportrait=\"1\" data-hide-tabletlandscape=\"1\" data-hide-tabletportrait=\"1\"><p class=\"n2-font-a097ae8abe78fcbc80aabf9e44dc121f-paragraph   \"> Avec une approche p\u00e9dagogique centr\u00e9e sur la pratique, Ethik Formations personnalise les solutions pour r\u00e9pondre \u00e0 vos besoins sp\u00e9cifiques.<br \/>\n Ensemble, forgeons l&#8217;avenir de votre entreprise en cultivant des comp\u00e9tences solides et une expertise pragmatique.<\/p>\n<\/div><div class=\"\" data-hide-desktoplandscape=\"1\" data-hide-desktopportrait=\"1\" data-hide-mobilelandscape=\"1\" data-hide-mobileportrait=\"1\"><p class=\"n2-font-a097ae8abe78fcbc80aabf9e44dc121f-paragraph  \"> Avec une approche p\u00e9dagogique centr\u00e9e sur la pratique, Ethik Formations personnalise les solutions pour r\u00e9pondre \u00e0 vos besoins sp\u00e9cifiques.<br \/>\n Ensemble, forgeons l&#8217;avenir de votre entreprise en cultivant des comp\u00e9tences solides et une expertise pragmatique.<\/p>\n<\/div><div class=\"\" data-hide-mobilelandscape=\"1\" data-hide-mobileportrait=\"1\" data-hide-tabletlandscape=\"1\" data-hide-tabletportrait=\"1\"><p class=\"n2-font-a097ae8abe78fcbc80aabf9e44dc121f-paragraph   \">Avec une approche p\u00e9dagogique centr\u00e9e sur la pratique, Ethik Formations personnalise les solutions pour r\u00e9pondre \u00e0 vos besoins sp\u00e9cifiques.<br \/>\n Ensemble, forgeons l&#8217;avenir de votre entreprise en cultivant des comp\u00e9tences solides et une expertise pragmatique.<\/p>\n<\/div><\/div><\/div><div class=\"n2-ss-layer n2-ow n2-ss-layer--block n2-ss-has-self-align n-uc-1886091b090c1\" data-pm=\"normal\" data-sstype=\"row\"><div class=\"n2-ss-layer-row n2-ss-layer-with-background n-uc-1886091b090c1-inner\"><div class=\"n2-ss-layer-row-inner \"><div class=\"n2-ss-layer n2-ow n-uc-16e9e55cd77dc\" data-pm=\"default\" data-sstype=\"col\"><div class=\"n2-ss-layer-col n2-ss-layer-with-background n2-ss-layer-content n-uc-16e9e55cd77dc-inner\"><div class=\"n2-ss-layer n2-ow n-uc-zweEyuUXNVUg\" data-pm=\"normal\" data-sstype=\"layer\"><div class=\" n2-ss-item-image-content n2-ss-item-content n2-ow-all\"><img loading=\"lazy\" decoding=\"async\" id=\"n2-ss-8item4\" alt=\"\" class=\"skip-lazy\" width=\"1774\" height=\"2560\" data-skip-lazy=\"1\" src=\"\/\/ethik-formations.fr\/wp-content\/uploads\/2024\/01\/group-creative-people-analyzing-result-work-scaled.jpg\" \/><\/div><\/div><\/div><\/div><div class=\"n2-ss-layer n2-ow n-uc-15ef9afddec47\" data-pm=\"default\" data-sstype=\"col\"><div class=\"n2-ss-layer-col n2-ss-layer-with-background n2-ss-layer-content n-uc-15ef9afddec47-inner\"><div class=\"n2-ss-layer n2-ow n-uc-MmyXVJcPZCVu\" data-pm=\"normal\" data-sstype=\"layer\"><div class=\"n2-ss-item-content n2-ss-text n2-ow-all\"><div data-hide-desktoplandscape=\"1\" data-hide-desktopportrait=\"1\" data-hide-tabletlandscape=\"1\" data-hide-tabletportrait=\"1\"><p class=\"n2-font-a097ae8abe78fcbc80aabf9e44dc121f-paragraph   \">Des formateurs experts du secteur<br \/>\nNos formations sont con\u00e7ues et dispens\u00e9es par des consultants et experts d&#8217;Ethik Formations.<\/p>\n<p class=\"n2-font-a097ae8abe78fcbc80aabf9e44dc121f-paragraph   \">Les modules sont bas\u00e9s sur des d\u00e9fis concrets auxquels ils font face chaque jour gr\u00e2ce \u00e0 leur exp\u00e9rience pratique. Ce qui vous avantage ? Ils vous encouragent \u00e0 r\u00e9fl\u00e9chir aux enjeux actuels dans les domaines qui suscitent votre int\u00e9r\u00eat.<\/p>\n<\/div><div class=\"\" data-hide-desktoplandscape=\"1\" data-hide-desktopportrait=\"1\" data-hide-mobilelandscape=\"1\" data-hide-mobileportrait=\"1\"><p class=\"n2-font-a097ae8abe78fcbc80aabf9e44dc121f-paragraph  \">Des formateurs experts du secteur<br \/>\nNos formations sont con\u00e7ues et dispens\u00e9es par des consultants et experts d&#8217;Ethik Formations.<\/p>\n<p class=\"n2-font-a097ae8abe78fcbc80aabf9e44dc121f-paragraph  \">Les modules sont bas\u00e9s sur des d\u00e9fis concrets auxquels ils font face chaque jour gr\u00e2ce \u00e0 leur exp\u00e9rience pratique. Ce qui vous avantage ? Ils vous encouragent \u00e0 r\u00e9fl\u00e9chir aux enjeux actuels dans les domaines qui suscitent votre int\u00e9r\u00eat.<\/p>\n<\/div><div class=\"\" data-hide-mobilelandscape=\"1\" data-hide-mobileportrait=\"1\" data-hide-tabletlandscape=\"1\" data-hide-tabletportrait=\"1\"><p class=\"n2-font-a097ae8abe78fcbc80aabf9e44dc121f-paragraph   \">Des formateurs experts du secteur<br \/>\nNos formations sont con\u00e7ues et dispens\u00e9es par des consultants et experts d&#8217;Ethik Formations.<\/p>\n<p class=\"n2-font-a097ae8abe78fcbc80aabf9e44dc121f-paragraph   \">Les modules sont bas\u00e9s sur des d\u00e9fis concrets auxquels ils font face chaque jour gr\u00e2ce \u00e0 leur exp\u00e9rience pratique. Ce qui vous avantage ? Ils vous encouragent \u00e0 r\u00e9fl\u00e9chir aux enjeux actuels dans les domaines qui suscitent votre int\u00e9r\u00eat.<\/p>\n<\/div><\/div><\/div><\/div><\/div><\/div><\/div><\/div><div class=\"n2-ss-layer n2-ow n-uc-0U0pKXCZQxcy\" data-pm=\"normal\" data-sstype=\"layer\"><div id=\"n2-ss-8item6\" class=\"n2-font-7ec9a81d97efe459335c8185a6930afb-hover   n2-ss-item-content n2-ss-text n2-ow\" style=\"display:block;\">Un besoin de formation ? Une question ?<\/div><\/div><div class=\"n2-ss-layer n2-ow n-uc-zKgCcdJlVr0g n2-ss-layer--auto\" data-pm=\"normal\" data-sstype=\"layer\"><div class=\"n2-ss-button-container n2-ss-item-content n2-ow n2-font-b42a6510f194860af6b577af1f1b6aeb-link  n2-ss-nowrap n2-ss-button-container--non-full-width\"><a class=\"n2-style-d1dfc779697fa24b079eea3a0e2faf6a-heading  n2-ow \" target=\"_blank\" href=\"https:\/\/ethik-formations.fr\/index.php\/contacts\"><div><div>Contactez-nous<\/div><\/div><\/a><\/div><\/div><\/div><\/div><\/div><\/div><\/div>                    <\/div>\n\n                                    <\/div>\n            <\/div>\n        <\/div>\n        <\/div><ss3-loader><\/ss3-loader><\/div><\/div><div class=\"n2_clear\"><\/div><\/div><\/ss3-force-full-width><\/div>","protected":false},"excerpt":{"rendered":"","protected":false},"author":1,"featured_media":0,"parent":0,"menu_order":0,"comment_status":"closed","ping_status":"closed","template":"","meta":{"om_disable_all_campaigns":false,"_monsterinsights_skip_tracking":false,"_monsterinsights_sitenote_active":false,"_monsterinsights_sitenote_note":"","_monsterinsights_sitenote_category":0,"footnotes":""},"aioseo_notices":[],"_links":{"self":[{"href":"https:\/\/ethik-formations.fr\/index.php\/wp-json\/wp\/v2\/pages\/146"}],"collection":[{"href":"https:\/\/ethik-formations.fr\/index.php\/wp-json\/wp\/v2\/pages"}],"about":[{"href":"https:\/\/ethik-formations.fr\/index.php\/wp-json\/wp\/v2\/types\/page"}],"author":[{"embeddable":true,"href":"https:\/\/ethik-formations.fr\/index.php\/wp-json\/wp\/v2\/users\/1"}],"replies":[{"embeddable":true,"href":"https:\/\/ethik-formations.fr\/index.php\/wp-json\/wp\/v2\/comments?post=146"}],"version-history":[{"count":4,"href":"https:\/\/ethik-formations.fr\/index.php\/wp-json\/wp\/v2\/pages\/146\/revisions"}],"predecessor-version":[{"id":155,"href":"https:\/\/ethik-formations.fr\/index.php\/wp-json\/wp\/v2\/pages\/146\/revisions\/155"}],"wp:attachment":[{"href":"https:\/\/ethik-formations.fr\/index.php\/wp-json\/wp\/v2\/media?parent=146"}],"curies":[{"name":"wp","href":"https:\/\/api.w.org\/{rel}","templated":true}]}}