{"id":161,"date":"2024-01-05T10:39:25","date_gmt":"2024-01-05T09:39:25","guid":{"rendered":"https:\/\/ethik-formations.fr\/?page_id=161"},"modified":"2024-01-05T10:41:08","modified_gmt":"2024-01-05T09:41:08","slug":"informations-pratiques","status":"publish","type":"page","link":"https:\/\/ethik-formations.fr\/index.php\/informations-pratiques\/","title":{"rendered":"Informations pratiques"},"content":{"rendered":"<div class=\"n2_clear\"><ss3-force-full-width data-overflow-x=\"body\" data-horizontal-selector=\"body\"><div class=\"n2-section-smartslider fitvidsignore  n2_clear\" data-ssid=\"9\" tabindex=\"0\" role=\"region\" aria-label=\"Slider\"><div id=\"n2-ss-9-align\" class=\"n2-ss-align\"><div class=\"n2-padding\"><div id=\"n2-ss-9\" data-creator=\"Smart Slider 3\" data-responsive=\"fullwidth\" class=\"n2-ss-slider n2-ow n2-has-hover n2notransition  \">\n        <div class=\"n2-ss-slider-1 n2_ss__touch_element n2-ow\">\n            <div class=\"n2-ss-slider-2 n2-ow\">\n                                                <div class=\"n2-ss-slider-3 n2-ow\">\n\n                    <div class=\"n2-ss-slide-backgrounds n2-ow-all\"><div class=\"n2-ss-slide-background\" data-public-id=\"1\" data-mode=\"fill\"><div data-color=\"RGBA(255,255,255,0)\" style=\"background-color: RGBA(255,255,255,0);\" class=\"n2-ss-slide-background-color\"><\/div><\/div><\/div>                    <div class=\"n2-ss-slider-4 n2-ow\">\n                        <svg xmlns=\"http:\/\/www.w3.org\/2000\/svg\" viewBox=\"0 0 1200 600\" data-related-device=\"desktopPortrait\" class=\"n2-ow n2-ss-preserve-size n2-ss-preserve-size--slider n2-ss-slide-limiter\"><\/svg><div data-first=\"1\" data-slide-duration=\"0\" data-id=\"14\" data-slide-public-id=\"1\" data-title=\"Slide Background\" class=\"n2-ss-slide n2-ow  n2-ss-slide-14\"><div role=\"note\" class=\"n2-ss-slide--focus\" tabindex=\"-1\">Slide Background<\/div><div class=\"n2-ss-layers-container n2-ss-slide-limiter n2-ow\"><div class=\"n2-ss-layer n2-ow n-uc-y1c5HfHlNvfD\" data-sstype=\"slide\" data-pm=\"default\"><div class=\"n2-ss-layer n2-ow n-uc-czaKzRCmCxUe\" data-pm=\"default\" data-sstype=\"content\" data-hasbackground=\"0\"><div class=\"n2-ss-section-main-content n2-ss-layer-with-background n2-ss-layer-content n2-ow n-uc-czaKzRCmCxUe-inner\"><div class=\"n2-ss-layer n2-ow n2-ss-layer--block n2-ss-has-self-align n-uc-a80czore4uPt\" data-pm=\"normal\" data-sstype=\"row\"><div class=\"n2-ss-layer-row n2-ss-layer-with-background n-uc-a80czore4uPt-inner\"><div class=\"n2-ss-layer-row-inner \"><div class=\"n2-ss-layer n2-ow n-uc-cN3IboQJbkJp\" data-pm=\"default\" data-sstype=\"col\"><div class=\"n2-ss-layer-col n2-ss-layer-with-background n2-ss-layer-content n-uc-cN3IboQJbkJp-inner\"><div class=\"n2-ss-layer n2-ow n-uc-edkqVx1YaWfu\" data-pm=\"normal\" data-sstype=\"layer\"><div class=\"n2-ss-item-content n2-ss-text n2-ow-all\"><div data-hide-desktoplandscape=\"1\" data-hide-desktopportrait=\"1\" data-hide-tabletlandscape=\"1\" data-hide-tabletportrait=\"1\"><p class=\"n2-font-a097ae8abe78fcbc80aabf9e44dc121f-paragraph   \"> <b>Comment s&#8217;inscrire \u00e0 nos formations chez Ethik Formations ?<\/b><br \/>\n<br \/>\nVous avez la possibilit\u00e9 de solliciter un devis en ligne en visitant la page d\u00e9taill\u00e9e de chaque formation et en cliquant sur le bouton &#8220;<a href=\"https:\/\/ethik-formations.fr\/index.php\/contacts\/\" target=\"_blank\"> Demander un devis <\/a>&#8221; .<br \/>\n Notre \u00e9quipe vous transmettra rapidement le devis demand\u00e9.<br \/>\n<br \/>\nVotre inscription sera consid\u00e9r\u00e9e comme valide d\u00e8s r\u00e9ception du devis d\u00fbment compl\u00e9t\u00e9, sign\u00e9 et tamponn\u00e9.<\/p>\n<\/div><div class=\"\" data-hide-desktoplandscape=\"1\" data-hide-desktopportrait=\"1\" data-hide-mobilelandscape=\"1\" data-hide-mobileportrait=\"1\"><p class=\"n2-font-a097ae8abe78fcbc80aabf9e44dc121f-paragraph  \"> <b>Comment s&#8217;inscrire \u00e0 nos formations chez Ethik Formations ?<\/b><br \/>\n<br \/>\nVous avez la possibilit\u00e9 de solliciter un devis en ligne en visitant la page d\u00e9taill\u00e9e de chaque formation et en cliquant sur le bouton &#8220;<a href=\"https:\/\/ethik-formations.fr\/index.php\/contacts\/\" target=\"_blank\"> Demander un devis <\/a>&#8221; .<br \/>\n Notre \u00e9quipe vous transmettra rapidement le devis demand\u00e9.<br \/>\n<br \/>\nVotre inscription sera consid\u00e9r\u00e9e comme valide d\u00e8s r\u00e9ception du devis d\u00fbment compl\u00e9t\u00e9, sign\u00e9 et tamponn\u00e9.<\/p>\n<\/div><div class=\"\" data-hide-mobilelandscape=\"1\" data-hide-mobileportrait=\"1\" data-hide-tabletlandscape=\"1\" data-hide-tabletportrait=\"1\"><p class=\"n2-font-a097ae8abe78fcbc80aabf9e44dc121f-paragraph   \"><b>Comment s&#8217;inscrire \u00e0 nos formations chez Ethik Formations ?<\/b><br \/>\n<br \/>\nVous avez la possibilit\u00e9 de solliciter un devis en ligne en visitant la page d\u00e9taill\u00e9e de chaque formation et en cliquant sur le bouton &#8220;<a href=\"https:\/\/ethik-formations.fr\/index.php\/devis\/\"> Demander un devis <\/a>&#8221; .<br \/>\n Notre \u00e9quipe vous transmettra rapidement le devis demand\u00e9.<br \/>\n<br \/>\nVotre inscription sera consid\u00e9r\u00e9e comme valide d\u00e8s r\u00e9ception du devis d\u00fbment compl\u00e9t\u00e9, sign\u00e9 et tamponn\u00e9.<\/p>\n<\/div><\/div><\/div><\/div><\/div><div class=\"n2-ss-layer n2-ow n-uc-afRpjHodmrxX\" data-pm=\"default\" data-sstype=\"col\"><div class=\"n2-ss-layer-col n2-ss-layer-with-background n2-ss-layer-content n-uc-afRpjHodmrxX-inner\"><div class=\"n2-ss-layer n2-ow n-uc-QyN8LXAPk2iI\" data-pm=\"normal\" data-sstype=\"layer\"><div class=\" n2-ss-item-image-content n2-ss-item-content n2-ow-all\"><img loading=\"lazy\" decoding=\"async\" id=\"n2-ss-9item2\" alt=\"\" class=\"skip-lazy\" width=\"2560\" height=\"1676\" data-skip-lazy=\"1\" src=\"\/\/ethik-formations.fr\/wp-content\/uploads\/2024\/01\/Checklist-scaled.jpg\" \/><\/div><\/div><\/div><\/div><\/div><\/div><\/div><div class=\"n2-ss-layer n2-ow n-uc-Nc8LcdvtMbqs\" data-pm=\"normal\" data-sstype=\"layer\"><div class=\"n2-ss-item-content n2-ss-text n2-ow-all\"><div data-hide-desktoplandscape=\"1\" data-hide-desktopportrait=\"1\" data-hide-tabletlandscape=\"1\" data-hide-tabletportrait=\"1\"><p class=\"n2-font-a097ae8abe78fcbc80aabf9e44dc121f-paragraph   \"> Si vous pr\u00e9f\u00e9rez, vous pouvez \u00e9galement nous faire parvenir vos demandes d&#8217;inscription :<br \/>\n<br \/>\nPar courriel \u00e0 l&#8217;adresse : <a href=\"mailto:contact@ethik-formations.fr\">contact@ethik-formations.fr<\/a><br \/>\n<br \/>\nPar t\u00e9l\u00e9phone au : +33781651212.<br \/>\n<br \/>\nPour toute information suppl\u00e9mentaire concernant les inscriptions, n&#8217;h\u00e9sitez pas \u00e0 nous contacter.<\/p>\n<\/div><div class=\"\" data-hide-desktoplandscape=\"1\" data-hide-desktopportrait=\"1\" data-hide-mobilelandscape=\"1\" data-hide-mobileportrait=\"1\"><p class=\"n2-font-a097ae8abe78fcbc80aabf9e44dc121f-paragraph  \"> Si vous pr\u00e9f\u00e9rez, vous pouvez \u00e9galement nous faire parvenir vos demandes d&#8217;inscription :<br \/>\n<br \/>\nPar courriel \u00e0 l&#8217;adresse : <a href=\"mailto:contact@ethik-formations.fr\">contact@ethik-formations.fr<\/a><br \/>\n<br \/>\nPar t\u00e9l\u00e9phone au : +33781651212.<br \/>\n<br \/>\nPour toute information suppl\u00e9mentaire concernant les inscriptions, n&#8217;h\u00e9sitez pas \u00e0 nous contacter.<\/p>\n<\/div><div class=\"\" data-hide-mobilelandscape=\"1\" data-hide-mobileportrait=\"1\" data-hide-tabletlandscape=\"1\" data-hide-tabletportrait=\"1\"><p class=\"n2-font-a097ae8abe78fcbc80aabf9e44dc121f-paragraph   \">Si vous pr\u00e9f\u00e9rez, vous pouvez \u00e9galement nous faire parvenir vos demandes d&#8217;inscription :<br \/>\n<br \/>\nPar courriel \u00e0 l&#8217;adresse : <a href=\"mailto:contact@ethik-formations.fr\">contact@ethik-formations.fr<\/a><br \/>\n<br \/>\nPar t\u00e9l\u00e9phone au : +33781651212.<br \/>\n<br \/>\nPour toute information suppl\u00e9mentaire concernant les inscriptions, n&#8217;h\u00e9sitez pas \u00e0 nous contacter.<\/p>\n<\/div><\/div><\/div><div class=\"n2-ss-layer n2-ow n2-ss-layer--block n2-ss-has-self-align n-uc-sO0lGXbxhNRa\" data-pm=\"normal\" data-sstype=\"row\"><div class=\"n2-ss-layer-row n2-ss-layer-with-background n-uc-sO0lGXbxhNRa-inner\"><div class=\"n2-ss-layer-row-inner \"><div class=\"n2-ss-layer n2-ow n-uc-wymFIMO5NTZK\" data-pm=\"default\" data-sstype=\"col\"><div class=\"n2-ss-layer-col n2-ss-layer-with-background n2-ss-layer-content n-uc-wymFIMO5NTZK-inner\"><div class=\"n2-ss-layer n2-ow n-uc-Pwnvpjz9bnCn\" data-pm=\"normal\" data-sstype=\"layer\"><div class=\" n2-ss-item-image-content n2-ss-item-content n2-ow-all\"><img loading=\"lazy\" decoding=\"async\" id=\"n2-ss-9item4\" alt=\"\" class=\"skip-lazy\" width=\"7730\" height=\"7559\" data-skip-lazy=\"1\" src=\"\/\/ethik-formations.fr\/wp-content\/uploads\/2024\/01\/Wavy_Tech-03_Single-02-1.jpg\" \/><\/div><\/div><\/div><\/div><div class=\"n2-ss-layer n2-ow n-uc-FP1jy8gsyd3Q\" data-pm=\"default\" data-sstype=\"col\"><div class=\"n2-ss-layer-col n2-ss-layer-with-background n2-ss-layer-content n-uc-FP1jy8gsyd3Q-inner\"><div class=\"n2-ss-layer n2-ow n-uc-N0VXr0XJdgJw\" data-pm=\"normal\" data-sstype=\"layer\"><div class=\"n2-ss-item-content n2-ss-text n2-ow-all\"><div data-hide-desktoplandscape=\"1\" data-hide-desktopportrait=\"1\" data-hide-tabletlandscape=\"1\" data-hide-tabletportrait=\"1\"><p class=\"n2-font-a097ae8abe78fcbc80aabf9e44dc121f-paragraph   \"> <b>Frais d&#8217;inscription<\/b><br \/>\n<br \/>\nTous les tarifs mentionn\u00e9s excluent les taxes et sont sujets \u00e0 l&#8217;application du taux de TVA en vigueur, soit 20 % pour la France.<br \/>\n<br \/>\nPour toute formation \u00e0 laquelle le participant ne se pr\u00e9sente pas ou n&#8217;assiste qu&#8217;en partie, l&#8217;int\u00e9gralit\u00e9 des frais reste due.<\/p>\n<\/div><div class=\"\" data-hide-desktoplandscape=\"1\" data-hide-desktopportrait=\"1\" data-hide-mobilelandscape=\"1\" data-hide-mobileportrait=\"1\"><p class=\"n2-font-a097ae8abe78fcbc80aabf9e44dc121f-paragraph  \"> <b>Frais d&#8217;inscription<\/b><br \/>\n<br \/>\nTous les tarifs mentionn\u00e9s excluent les taxes et sont sujets \u00e0 l&#8217;application du taux de TVA en vigueur, soit 20 % pour la France.<br \/>\n<br \/>\nPour toute formation \u00e0 laquelle le participant ne se pr\u00e9sente pas ou n&#8217;assiste qu&#8217;en partie, l&#8217;int\u00e9gralit\u00e9 des frais reste due.<\/p>\n<\/div><div class=\"\" data-hide-mobilelandscape=\"1\" data-hide-mobileportrait=\"1\" data-hide-tabletlandscape=\"1\" data-hide-tabletportrait=\"1\"><p class=\"n2-font-a097ae8abe78fcbc80aabf9e44dc121f-paragraph   \"><b>Frais d&#8217;inscription<\/b><br \/>\n<br \/>\nTous les tarifs mentionn\u00e9s excluent les taxes et sont sujets \u00e0 l&#8217;application du taux de TVA en vigueur, soit 20 % pour la France.<br \/>\n<br \/>\nPour toute formation \u00e0 laquelle le participant ne se pr\u00e9sente pas ou n&#8217;assiste qu&#8217;en partie, l&#8217;int\u00e9gralit\u00e9 des frais reste due.<\/p>\n<\/div><\/div><\/div><\/div><\/div><\/div><\/div><\/div><div class=\"n2-ss-layer n2-ow n-uc-rJ6JAUNxsJzP\" data-pm=\"normal\" data-sstype=\"layer\"><div class=\"n2-ss-item-content n2-ss-text n2-ow-all\"><div data-hide-desktoplandscape=\"1\" data-hide-desktopportrait=\"1\" data-hide-tabletlandscape=\"1\" data-hide-tabletportrait=\"1\"><p class=\"n2-font-a097ae8abe78fcbc80aabf9e44dc121f-paragraph   \">Dans le cadre des formations interentreprises, nos tarifs sont fixes et comprennent la documentation p\u00e9dagogique fournie pendant la formation, les petits-d\u00e9jeuners d&#8217;accueil, les pauses-caf\u00e9 et les repas du midi.<br \/>\n<br \/>\nEn cas de r\u00e8glement effectu\u00e9 par un Organisme Paritaire Collecteur Agr\u00e9\u00e9 (OPCO), il incombe au b\u00e9n\u00e9ficiaire de garantir le bon d\u00e9roulement du paiement par l&#8217;organisme concern\u00e9. En cas de prise en charge partielle par l&#8217;OPCO, la part non couverte sera directement factur\u00e9e au client.<\/p>\n<\/div><div class=\"\" data-hide-desktoplandscape=\"1\" data-hide-desktopportrait=\"1\" data-hide-mobilelandscape=\"1\" data-hide-mobileportrait=\"1\"><p class=\"n2-font-a097ae8abe78fcbc80aabf9e44dc121f-paragraph  \">Dans le cadre des formations interentreprises, nos tarifs sont fixes et comprennent la documentation p\u00e9dagogique fournie pendant la formation, les petits-d\u00e9jeuners d&#8217;accueil, les pauses-caf\u00e9 et les repas du midi.<br \/>\n<br \/>\nEn cas de r\u00e8glement effectu\u00e9 par un Organisme Paritaire Collecteur Agr\u00e9\u00e9 (OPCO), il incombe au b\u00e9n\u00e9ficiaire de garantir le bon d\u00e9roulement du paiement par l&#8217;organisme concern\u00e9. En cas de prise en charge partielle par l&#8217;OPCO, la part non couverte sera directement factur\u00e9e au client.<\/p>\n<\/div><div class=\"\" data-hide-mobilelandscape=\"1\" data-hide-mobileportrait=\"1\" data-hide-tabletlandscape=\"1\" data-hide-tabletportrait=\"1\"><p class=\"n2-font-a097ae8abe78fcbc80aabf9e44dc121f-paragraph   \">Dans le cadre des formations interentreprises, nos tarifs sont fixes et comprennent la documentation p\u00e9dagogique fournie pendant la formation, les petits-d\u00e9jeuners d&#8217;accueil, les pauses-caf\u00e9 et les repas du midi.<br \/>\n<br \/>\nEn cas de r\u00e8glement effectu\u00e9 par un Organisme Paritaire Collecteur Agr\u00e9\u00e9 (OPCO), il incombe au b\u00e9n\u00e9ficiaire de garantir le bon d\u00e9roulement du paiement par l&#8217;organisme concern\u00e9. En cas de prise en charge partielle par l&#8217;OPCO, la part non couverte sera directement factur\u00e9e au client.<\/p>\n<\/div><\/div><\/div><\/div><\/div><\/div><\/div><\/div>                    <\/div>\n\n                                    <\/div>\n            <\/div>\n        <\/div>\n        <\/div><ss3-loader><\/ss3-loader><\/div><\/div><div class=\"n2_clear\"><\/div><\/div><\/ss3-force-full-width><\/div>","protected":false},"excerpt":{"rendered":"","protected":false},"author":1,"featured_media":0,"parent":0,"menu_order":0,"comment_status":"closed","ping_status":"closed","template":"","meta":{"om_disable_all_campaigns":false,"_monsterinsights_skip_tracking":false,"_monsterinsights_sitenote_active":false,"_monsterinsights_sitenote_note":"","_monsterinsights_sitenote_category":0,"footnotes":""},"aioseo_notices":[],"_links":{"self":[{"href":"https:\/\/ethik-formations.fr\/index.php\/wp-json\/wp\/v2\/pages\/161"}],"collection":[{"href":"https:\/\/ethik-formations.fr\/index.php\/wp-json\/wp\/v2\/pages"}],"about":[{"href":"https:\/\/ethik-formations.fr\/index.php\/wp-json\/wp\/v2\/types\/page"}],"author":[{"embeddable":true,"href":"https:\/\/ethik-formations.fr\/index.php\/wp-json\/wp\/v2\/users\/1"}],"replies":[{"embeddable":true,"href":"https:\/\/ethik-formations.fr\/index.php\/wp-json\/wp\/v2\/comments?post=161"}],"version-history":[{"count":1,"href":"https:\/\/ethik-formations.fr\/index.php\/wp-json\/wp\/v2\/pages\/161\/revisions"}],"predecessor-version":[{"id":162,"href":"https:\/\/ethik-formations.fr\/index.php\/wp-json\/wp\/v2\/pages\/161\/revisions\/162"}],"wp:attachment":[{"href":"https:\/\/ethik-formations.fr\/index.php\/wp-json\/wp\/v2\/media?parent=161"}],"curies":[{"name":"wp","href":"https:\/\/api.w.org\/{rel}","templated":true}]}}