{"id":474,"date":"2024-01-25T12:02:23","date_gmt":"2024-01-25T11:02:23","guid":{"rendered":"https:\/\/ethik-formations.fr\/?page_id=474"},"modified":"2024-03-05T15:38:32","modified_gmt":"2024-03-05T14:38:32","slug":"devis","status":"publish","type":"page","link":"https:\/\/ethik-formations.fr\/index.php\/devis\/","title":{"rendered":"Demande de\u00a0devis"},"content":{"rendered":"\n<h2 class=\"wp-block-heading has-text-align-center\">Recevez un devis personnalis\u00e9 pour<br>mettre en place votre projet de formation<\/h2>\n\n\n<style id=\"wpforms-css-vars-root\">\n\t\t\t\t:root {\n\t\t\t\t\t--wpforms-field-border-radius: 3px;\n--wpforms-field-background-color: #ffffff;\n--wpforms-field-border-color: rgba( 0, 0, 0, 0.25 );\n--wpforms-field-text-color: rgba( 0, 0, 0, 0.7 );\n--wpforms-label-color: rgba( 0, 0, 0, 0.85 );\n--wpforms-label-sublabel-color: rgba( 0, 0, 0, 0.55 );\n--wpforms-label-error-color: #d63637;\n--wpforms-button-border-radius: 3px;\n--wpforms-button-background-color: #066aab;\n--wpforms-button-text-color: #ffffff;\n--wpforms-field-size-input-height: 43px;\n--wpforms-field-size-input-spacing: 15px;\n--wpforms-field-size-font-size: 16px;\n--wpforms-field-size-line-height: 19px;\n--wpforms-field-size-padding-h: 14px;\n--wpforms-field-size-checkbox-size: 16px;\n--wpforms-field-size-sublabel-spacing: 5px;\n--wpforms-field-size-icon-size: 1;\n--wpforms-label-size-font-size: 16px;\n--wpforms-label-size-line-height: 19px;\n--wpforms-label-size-sublabel-font-size: 14px;\n--wpforms-label-size-sublabel-line-height: 17px;\n--wpforms-button-size-font-size: 17px;\n--wpforms-button-size-height: 41px;\n--wpforms-button-size-padding-h: 15px;\n--wpforms-button-size-margin-top: 10px;\n\n\t\t\t\t}\n\t\t\t<\/style><div class=\"wpforms-container wpforms-container-full wpforms-block wpforms-block-818c5c1b-7438-418f-a427-86de2fc43b7b wpforms-render-modern\" id=\"wpforms-5\"><form id=\"wpforms-form-5\" class=\"wpforms-validate wpforms-form\" data-formid=\"5\" method=\"post\" enctype=\"multipart\/form-data\" action=\"\/index.php\/wp-json\/wp\/v2\/pages\/474\" data-token=\"61874a68d7340be6d2648797f2c85348\"><noscript class=\"wpforms-error-noscript\">Please enable JavaScript in your browser to complete this form.<\/noscript><div class=\"wpforms-hidden\" id=\"wpforms-error-noscript\">Please enable JavaScript in your browser to complete this form.<\/div><div class=\"wpforms-field-container\"><div id=\"wpforms-5-field_0-container\" class=\"wpforms-field wpforms-field-name wpforms-one-thirdwpforms-one-half wpforms-first\" data-field-id=\"0\"><fieldset><legend class=\"wpforms-field-label wpforms-label-hide\" aria-hidden=\"false\">Pr\u00e9nom Nom <span class=\"wpforms-required-label\" aria-hidden=\"true\">*<\/span><\/legend><div class=\"wpforms-field-row wpforms-field-large\"><div class=\"wpforms-field-row-block wpforms-first wpforms-one-half\"><input type=\"text\" id=\"wpforms-5-field_0\" class=\"wpforms-field-name-first wpforms-field-required\" name=\"wpforms[fields][0][first]\" aria-errormessage=\"wpforms-5-field_0-error\" required><label for=\"wpforms-5-field_0\" class=\"wpforms-field-sublabel after \">First<\/label><\/div><div class=\"wpforms-field-row-block wpforms-one-half\"><input type=\"text\" id=\"wpforms-5-field_0-last\" class=\"wpforms-field-name-last wpforms-field-required\" name=\"wpforms[fields][0][last]\" aria-errormessage=\"wpforms-5-field_0-last-error\" required><label for=\"wpforms-5-field_0-last\" class=\"wpforms-field-sublabel after \">Last<\/label><\/div><\/div><\/fieldset><\/div><div id=\"wpforms-5-field_3-container\" class=\"wpforms-field wpforms-field-email wpforms-one-half\" data-field-id=\"3\"><label class=\"wpforms-field-label wpforms-label-hide\" for=\"wpforms-5-field_3\" aria-hidden=\"false\">Email <span class=\"wpforms-required-label\" aria-hidden=\"true\">*<\/span><\/label><input type=\"email\" id=\"wpforms-5-field_3\" class=\"wpforms-field-large wpforms-field-required\" name=\"wpforms[fields][3]\" placeholder=\"Email\" spellcheck=\"false\" aria-errormessage=\"wpforms-5-field_3-error\" required><\/div><div id=\"wpforms-5-field_10-container\" class=\"wpforms-field wpforms-field-text\" data-field-id=\"10\"><label class=\"wpforms-field-label wpforms-label-hide\" for=\"wpforms-5-field_10\" aria-hidden=\"false\">Num\u00e9ro de t\u00e9l\u00e9phone <span class=\"wpforms-required-label\" aria-hidden=\"true\">*<\/span><\/label><input type=\"text\" id=\"wpforms-5-field_10\" class=\"wpforms-field-large wpforms-field-required\" name=\"wpforms[fields][10]\" placeholder=\"Num\u00e9ro de t\u00e9l\u00e9phone\" aria-errormessage=\"wpforms-5-field_10-error\" required><\/div><div id=\"wpforms-5-field_6-container\" class=\"wpforms-field wpforms-field-name wpforms-one-half wpforms-first\" data-field-id=\"6\"><label class=\"wpforms-field-label wpforms-label-hide\" for=\"wpforms-5-field_6\" aria-hidden=\"false\">Nom de l&#039;entreprise <span class=\"wpforms-required-label\" aria-hidden=\"true\">*<\/span><\/label><input type=\"text\" id=\"wpforms-5-field_6\" class=\"wpforms-field-large wpforms-field-required\" name=\"wpforms[fields][6]\" placeholder=\"Nom de l&#039;entreprise\" aria-errormessage=\"wpforms-5-field_6-error\" required><\/div><div id=\"wpforms-5-field_7-container\" class=\"wpforms-field wpforms-field-select wpforms-field-select-style-classic\" data-field-id=\"7\"><label class=\"wpforms-field-label wpforms-label-hide\" for=\"wpforms-5-field_7\" aria-hidden=\"false\"> Poste dans l&#039;entreprise<\/label><select id=\"wpforms-5-field_7\" class=\"wpforms-field-medium\" name=\"wpforms[fields][7]\"><option value=\"Veuillez s\u00e9lectionner\"  selected='selected'>Veuillez s\u00e9lectionner<\/option><option value=\"Comit\u00e9 de direction\" >Comit\u00e9 de direction<\/option><option value=\"Directeur\" >Directeur<\/option><option value=\"En recherche de poste\" >En recherche de poste<\/option><option value=\"Manager \/ Responsable\" >Manager \/ Responsable<\/option><option value=\"Chef de projet \/ Expert\" >Chef de projet \/ Expert<\/option><option value=\"Stagiaire \/ Alternant\" >Stagiaire \/ Alternant<\/option><option value=\"Autre\" >Autre<\/option><\/select><div id=\"wpforms-5-field_7-description\" class=\"wpforms-field-description\">Poste dans l&#8217;entreprise<\/div><\/div><div id=\"wpforms-5-field_8-container\" class=\"wpforms-field wpforms-field-select wpforms-field-select-style-classic\" data-field-id=\"8\"><label class=\"wpforms-field-label wpforms-label-hide\" for=\"wpforms-5-field_8\" aria-hidden=\"false\">Departement<\/label><select id=\"wpforms-5-field_8\" class=\"wpforms-field-medium\" name=\"wpforms[fields][8]\"><option value=\"Veuillez s\u00e9lectionner\"  selected='selected'>Veuillez s\u00e9lectionner<\/option><option value=\"Achats\" >Achats<\/option><option value=\"Administration et finances\" >Administration et finances<\/option><option value=\"Commercial\" >Commercial<\/option><option value=\"D\u00e9veloppement Durable - RSE\" >D\u00e9veloppement Durable &#8211; RSE<\/option><option value=\"Direction G\u00e9n\u00e9rale\" >Direction G\u00e9n\u00e9rale<\/option><option value=\"DSI - Informatique\" >DSI &#8211; Informatique<\/option><option value=\"Marketing - E-commerce - Digital\" >Marketing &#8211; E-commerce &#8211; Digital<\/option><option value=\"Education - formation\" >Education &#8211; formation<\/option><option value=\"Ind\u00e9pendant\" >Ind\u00e9pendant<\/option><option value=\"Juridique\" >Juridique<\/option><option value=\"Logistique - Supply Chain\" >Logistique &#8211; Supply Chain<\/option><option value=\"M\u00e9dias - Relations Presse\" >M\u00e9dias &#8211; Relations Presse<\/option><option value=\"Op\u00e9rations\" >Op\u00e9rations<\/option><option value=\"R&amp;D - Qualit\u00e9\" >R&amp;D &#8211; Qualit\u00e9<\/option><option value=\"Relations Client - CRM\" >Relations Client &#8211; CRM<\/option><option value=\"Ressources Humaines\" >Ressources Humaines<\/option><option value=\"Autre\" >Autre<\/option><\/select><div id=\"wpforms-5-field_8-description\" class=\"wpforms-field-description\">D\u00e9partement<\/div><\/div><div id=\"wpforms-5-field_2-container\" class=\"wpforms-field wpforms-field-textarea\" data-field-id=\"2\"><label class=\"wpforms-field-label wpforms-label-hide\" for=\"wpforms-5-field_2\" aria-hidden=\"false\">Message <span class=\"wpforms-required-label\" aria-hidden=\"true\">*<\/span><\/label><textarea id=\"wpforms-5-field_2\" class=\"wpforms-field-medium wpforms-field-required\" name=\"wpforms[fields][2]\" placeholder=\"Message\" aria-errormessage=\"wpforms-5-field_2-error\" required><\/textarea><\/div><\/div><!-- .wpforms-field-container --><div class=\"wpforms-recaptcha-container wpforms-is-hcaptcha\" ><div class=\"g-recaptcha\" data-sitekey=\"928e9534-5344-4175-afa7-0f6bc4b78ff8\"><\/div><input type=\"text\" name=\"g-recaptcha-hidden\" class=\"wpforms-recaptcha-hidden\" style=\"position:absolute!important;clip:rect(0,0,0,0)!important;height:1px!important;width:1px!important;border:0!important;overflow:hidden!important;padding:0!important;margin:0!important;\" data-rule-hcaptcha=\"1\"><\/div><div class=\"wpforms-submit-container\" ><input type=\"hidden\" name=\"wpforms[id]\" value=\"5\"><input type=\"hidden\" name=\"wpforms[author]\" value=\"1\"><button type=\"submit\" name=\"wpforms[submit]\" id=\"wpforms-submit-5\" class=\"wpforms-submit\" data-alt-text=\"Sending...\" data-submit-text=\"ENVOYER\" aria-live=\"assertive\" value=\"wpforms-submit\">ENVOYER<\/button><\/div><\/form><\/div>  <!-- .wpforms-container -->\n\n\n<div class=\"wp-block-columns is-layout-flex wp-container-core-columns-layout-1 wp-block-columns-is-layout-flex\">\n<div class=\"wp-block-column is-layout-flow wp-block-column-is-layout-flow\">\n<h2 class=\"wp-block-heading\">Vous souhaitez d\u00e9velopper les comp\u00e9tences de vos collaborateurs ?<\/h2>\n\n\n\n<p><strong>Ethik Formations<\/strong> propose des formations sur mesure visant \u00e0 acc\u00e9l\u00e9rer la progression de vos \u00e9quipes dans le domaine de l&#8217;informatique !<\/p>\n\n\n\n<p>Nos formations comprennent :<\/p>\n\n\n\n<ul>\n<li>Un test de positionnement pr\u00e9alable \u00e0 la formation<\/li>\n\n\n\n<li>Des cours particuliers dispens\u00e9s par des professeurs qualifi\u00e9s et exp\u00e9riment\u00e9s<\/li>\n\n\n\n<li> Une plateforme partag\u00e9e avec votre formateur pour les exercices et les supports de cours<\/li>\n\n\n\n<li>Des coachs disponibles 6 jours sur 7 pour un accompagnement personnalis\u00e9<\/li>\n\n\n\n<li>Un suivi individualis\u00e9 du d\u00e9but \u00e0 la fin de la formation<\/li>\n<\/ul>\n\n\n\n<p>Ces formations informatiques <strong>destin\u00e9es<\/strong> aux professionnels couvrent diverses sp\u00e9cialisations m\u00e9tiers. Elles s&#8217;adressent aux dirigeants, aux ressources humaines et aux managers souhaitant perfectionner les comp\u00e9tences digitales de leurs \u00e9quipes pour accro\u00eetre la productivit\u00e9.<\/p>\n\n\n\n<p>Concernant<strong> le co\u00fbt de nos formations,<\/strong> nous \u00e9tablissons des devis adapt\u00e9s en fonction de vos besoins, notamment les objectifs de progression, la dur\u00e9e d&#8217;apprentissage, le nombre de cours, les modalit\u00e9s d&#8217;apprentissage (cours particuliers \/ e-learning), le nombre de salari\u00e9s \u00e0 former, et votre budget.<\/p>\n\n\n\n<p>Investir dans la formation des employ\u00e9s pr\u00e9sente de nombreux avantages, tels que l&#8217;accroissement des capacit\u00e9s, la productivit\u00e9 accrue, la progression professionnelle, la motivation au travail et la fid\u00e9lisation du personnel.<\/p>\n\n\n\n<p>De nos jours, la ma\u00eetrise des outils informatiques est cruciale. Acqu\u00e9rir des comp\u00e9tences pour utiliser ces outils efficacement est essentiel pour r\u00e9ussir professionnellement et rester comp\u00e9titif sur le march\u00e9 de l&#8217;emploi. La formation aux outils de collaboration, notamment Google Workspace, favorise la connectivit\u00e9 des \u00e9quipes, m\u00eame \u00e0 distance, en facilitant la communication, l&#8217;\u00e9change de documents et le travail en \u00e9quipe. Ces comp\u00e9tences sont essentielles pour rester comp\u00e9titif et stimuler la cr\u00e9ativit\u00e9 au sein de l&#8217;entreprise. En r\u00e9sum\u00e9, investir dans la formation informatique, y compris les ou<\/p>\n<\/div>\n<\/div>\n","protected":false},"excerpt":{"rendered":"<p>Recevez un devis personnalis\u00e9 pourmettre en place votre projet de formation Vous souhaitez d\u00e9velopper les comp\u00e9tences de vos collaborateurs ? Ethik Formations propose des formations sur mesure visant \u00e0 acc\u00e9l\u00e9rer la progression de vos \u00e9quipes dans le domaine de l&#8217;informatique ! Nos formations comprennent : Ces formations informatiques destin\u00e9es aux [&hellip;]<\/p>\n","protected":false},"author":1,"featured_media":0,"parent":0,"menu_order":0,"comment_status":"closed","ping_status":"closed","template":"","meta":{"om_disable_all_campaigns":false,"_monsterinsights_skip_tracking":false,"_monsterinsights_sitenote_active":false,"_monsterinsights_sitenote_note":"","_monsterinsights_sitenote_category":0,"footnotes":""},"aioseo_notices":[],"_links":{"self":[{"href":"https:\/\/ethik-formations.fr\/index.php\/wp-json\/wp\/v2\/pages\/474"}],"collection":[{"href":"https:\/\/ethik-formations.fr\/index.php\/wp-json\/wp\/v2\/pages"}],"about":[{"href":"https:\/\/ethik-formations.fr\/index.php\/wp-json\/wp\/v2\/types\/page"}],"author":[{"embeddable":true,"href":"https:\/\/ethik-formations.fr\/index.php\/wp-json\/wp\/v2\/users\/1"}],"replies":[{"embeddable":true,"href":"https:\/\/ethik-formations.fr\/index.php\/wp-json\/wp\/v2\/comments?post=474"}],"version-history":[{"count":7,"href":"https:\/\/ethik-formations.fr\/index.php\/wp-json\/wp\/v2\/pages\/474\/revisions"}],"predecessor-version":[{"id":668,"href":"https:\/\/ethik-formations.fr\/index.php\/wp-json\/wp\/v2\/pages\/474\/revisions\/668"}],"wp:attachment":[{"href":"https:\/\/ethik-formations.fr\/index.php\/wp-json\/wp\/v2\/media?parent=474"}],"curies":[{"name":"wp","href":"https:\/\/api.w.org\/{rel}","templated":true}]}}